{"id":36,"date":"2018-01-20T07:34:32","date_gmt":"2018-01-20T07:34:32","guid":{"rendered":"https:\/\/closecollaboration.utu.fi\/?page_id=36"},"modified":"2024-05-21T11:17:27","modified_gmt":"2024-05-21T11:17:27","slug":"papildomi-istekliai","status":"publish","type":"page","link":"https:\/\/closecollaboration.utu.fi\/lt\/papildomi-istekliai\/","title":{"rendered":"Papildomi i\u0161tekliai"},"content":{"rendered":"\n\n\t<ul>\n<li><a href=\"https:\/\/closecollaboration.utu.fi\/lt\/wp-content\/uploads\/sites\/18\/2024\/05\/1-ir-2-priedai.-Streso-ir-saves-raminimo-pozymiai.pdf\">1 ir 2 priedai. Streso ir sav\u0119s raminimo po\u017eymiai (PDF)<\/a><\/li>\n<li><a href=\"https:\/\/closecollaboration.utu.fi\/lt\/wp-content\/uploads\/sites\/18\/2024\/05\/3-priedas-Naujagimio-neurologinio-elgesio-stebejimas.pdf\">3 priedas. Naujagimio neurologinio elgesio steb\u0117jimas (PDF)<\/a><\/li>\n<li><a href=\"https:\/\/closecollaboration.utu.fi\/lt\/wp-content\/uploads\/sites\/18\/2024\/05\/4-priedas-Rekomendacijos-nusiraminimui.pdf\">4 priedas<\/a><a href=\"https:\/\/closecollaboration.utu.fi\/lt\/wp-content\/uploads\/sites\/18\/2024\/05\/4-priedas-Rekomendacijos-nusiraminimui.pdf\">. Rekomendacijos nusiraminimui (PDF)<\/a><\/li>\n<li><a href=\"https:\/\/closecollaboration.utu.fi\/lt\/wp-content\/uploads\/sites\/18\/2024\/05\/5-priedas-As-augu.pdf\">5 priedas. A\u0161 augu (PDF)<\/a><\/li>\n<li><a href=\"https:\/\/closecollaboration.utu.fi\/lt\/wp-content\/uploads\/sites\/18\/2024\/05\/6-priedas-Naujagimio-stebejimas-su-tevais.pdf\">6 priedas. Naujagimio steb\u0117jimas su t\u0117vais (PDF)<\/a><\/li>\n<li><a href=\"https:\/\/closecollaboration.utu.fi\/lt\/wp-content\/uploads\/sites\/18\/2024\/05\/7-priedas-CLIP-I.pdf\">7 priedas. CLIP-I (PDF)<\/a><\/li>\n<li><a href=\"https:\/\/closecollaboration.utu.fi\/lt\/wp-content\/uploads\/sites\/18\/2024\/05\/8-priedas-Pakartotiniai-stebejimai-su-tevais.pdf\">8 priedas. Pakartotiniai steb\u0117jimai su t\u0117vais (PDF)<\/a><\/li>\n<li><a href=\"https:\/\/closecollaboration.utu.fi\/lt\/2019\/10\/24\/9-priedas-neisnesiotu-naujagimiu-isleidimo-is-ligonines-i-namus-planavimas-pasiruosimas\/\">9 priedas: Nei\u0161ne\u0161iot\u0173 naujagimi\u0173 i\u0161leidimo i\u0161 ligonin\u0117s \u012f namus planavimas\/pasiruo\u0161imas<\/a><\/li>\n<li><a href=\"https:\/\/closecollaboration.utu.fi\/lt\/2019\/10\/24\/10-priedelis-i-seima-orientuoto-poziurio-gaires-pediatrui\/\">10 pried\u0117lis: \u012e \u0161eim\u0105 orientuoto po\u017ei\u016brio gair\u0117s pediatrui<\/a><\/li>\n<li><a href=\"https:\/\/closecollaboration.utu.fi\/lt\/2019\/08\/27\/11-priedas-reflektyvioji-grupine-supervizija-ir-jos-gaires\/\">11 priedas: Reflektyvioji grupin\u0117 supervizija ir jos gair\u0117s<\/a><\/li>\n<\/ul>\n<ol>\n\n<\/ol>\n<p>&nbsp;<\/p>\n\n","protected":false},"excerpt":{"rendered":"<p>1 ir 2 priedai. Streso ir sav\u0119s raminimo po\u017eymiai (PDF) 3 priedas. Naujagimio neurologinio elgesio steb\u0117jimas (PDF) 4 priedas. Rekomendacijos nusiraminimui (PDF) 5 priedas. A\u0161 augu (PDF) 6 priedas. Naujagimio steb\u0117jimas su t\u0117vais (PDF) 7 priedas. CLIP-I (PDF) 8 priedas. Pakartotiniai steb\u0117jimai su t\u0117vais (PDF) 9 priedas: Nei\u0161ne\u0161iot\u0173 naujagimi\u0173 i\u0161leidimo i\u0161 ligonin\u0117s \u012f namus planavimas\/pasiruo\u0161imas &#8230; <a title=\"Papildomi i\u0161tekliai\" class=\"read-more\" href=\"https:\/\/closecollaboration.utu.fi\/lt\/papildomi-istekliai\/\" aria-label=\"Read more about Papildomi i\u0161tekliai\">Skaityti toliau<\/a><\/p>\n","protected":false},"author":1,"featured_media":0,"parent":0,"menu_order":0,"comment_status":"closed","ping_status":"closed","template":"","meta":{"footnotes":""},"class_list":["post-36","page","type-page","status-publish"],"_links":{"self":[{"href":"https:\/\/closecollaboration.utu.fi\/lt\/wp-json\/wp\/v2\/pages\/36","targetHints":{"allow":["GET"]}}],"collection":[{"href":"https:\/\/closecollaboration.utu.fi\/lt\/wp-json\/wp\/v2\/pages"}],"about":[{"href":"https:\/\/closecollaboration.utu.fi\/lt\/wp-json\/wp\/v2\/types\/page"}],"author":[{"embeddable":true,"href":"https:\/\/closecollaboration.utu.fi\/lt\/wp-json\/wp\/v2\/users\/1"}],"replies":[{"embeddable":true,"href":"https:\/\/closecollaboration.utu.fi\/lt\/wp-json\/wp\/v2\/comments?post=36"}],"version-history":[{"count":4,"href":"https:\/\/closecollaboration.utu.fi\/lt\/wp-json\/wp\/v2\/pages\/36\/revisions"}],"predecessor-version":[{"id":4086,"href":"https:\/\/closecollaboration.utu.fi\/lt\/wp-json\/wp\/v2\/pages\/36\/revisions\/4086"}],"wp:attachment":[{"href":"https:\/\/closecollaboration.utu.fi\/lt\/wp-json\/wp\/v2\/media?parent=36"}],"curies":[{"name":"wp","href":"https:\/\/api.w.org\/{rel}","templated":true}]}}