{"id":2955,"date":"2020-09-09T13:34:06","date_gmt":"2020-09-09T11:34:06","guid":{"rendered":"https:\/\/closecollaboration.utu.fi\/login\/"},"modified":"2024-04-18T09:02:36","modified_gmt":"2024-04-18T09:02:36","slug":"login","status":"publish","type":"page","link":"https:\/\/closecollaboration.utu.fi\/lt\/login\/","title":{"rendered":"Login"},"content":{"rendered":"\t<section class=\"uo_loginForm\">\n\t\t<script>\n\t\t\t\t\t\tlet UOToolkitFrontEndLoginFormData = JSON.parse('{\"turnstileRecaptcha\":false}');\n\t\t<\/script>\n\t\t<style>.login-msg{color:red;} .login-msg.loggedout{color:green;}#loginform label[for=\"user_login\"],#loginform label[for=\"user_pass\"] {display: block;}<\/style>\n\t<div class=\"uo_error\">\n\t\t\t<\/div>\n\n\t\n\t\t<h2>Prisijungti<\/h2>\n\t\n\t<p class=\"uo-login-description\">\n\t\tPrisijunkite \u017eemiau, kad pasiektum\u0117te savo mokym\u0105\t<\/p>\n\n<form name=\"ult-login-form\" id=\"ult-login-form\" action=\"https:\/\/closecollaboration.utu.fi\/lt\/wp-login.php\" method=\"post\"><input id=\"learndash-login-form\" type=\"hidden\" name=\"learndash-login-form\" value=\"efbeb25123\" \/><p class=\"login-username\">\n\t\t\t\t<label for=\"user_login\">Username or Email Address<\/label>\n\t\t\t\t<input type=\"text\" name=\"log\" id=\"user_login\" autocomplete=\"username\" class=\"input\" value=\"\" size=\"20\" \/>\n\t\t\t<\/p><p class=\"login-password\">\n\t\t\t\t<label for=\"user_pass\">Password<\/label>\n\t\t\t\t<input type=\"password\" name=\"pwd\" id=\"user_pass\" autocomplete=\"current-password\" spellcheck=\"false\" class=\"input\" value=\"\" size=\"20\" \/>\n\t\t\t<\/p><p class=\"login-remember\"><label><input name=\"rememberme\" type=\"checkbox\" id=\"rememberme\" value=\"forever\" checked=\"checked\" \/> Prisimink mane<\/label><\/p><p class=\"login-submit\">\n\t\t\t\t<input type=\"submit\" name=\"wp-submit\" id=\"wp-submit\" class=\"button button-primary\" value=\"Prisijungti\" \/>\n\t\t\t\t<input type=\"hidden\" name=\"redirect_to\" value=\"https:\/\/closecollaboration.utu.fi\/lt\/wp-admin\/\" \/>\n\t\t\t<\/p><a class=\"forgot-link\" href=\"https:\/\/closecollaboration.utu.fi\/lt\/login\/?action=lostpassword\">Pamir\u0161ote slapta\u017eod\u012f?<\/a><\/form>\n<script type='text\/javascript'>\n    jQuery(document).ready(function () {\n        jQuery('#user_login').attr('required', 'required')\n        jQuery('#user_pass').attr('required', 'required')\n    })\n<\/script>\n\t<\/section>\n\n","protected":false},"excerpt":{"rendered":"","protected":false},"author":1,"featured_media":0,"parent":0,"menu_order":0,"comment_status":"closed","ping_status":"closed","template":"","meta":{"footnotes":""},"class_list":["post-2955","page","type-page","status-publish"],"_links":{"self":[{"href":"https:\/\/closecollaboration.utu.fi\/lt\/wp-json\/wp\/v2\/pages\/2955","targetHints":{"allow":["GET"]}}],"collection":[{"href":"https:\/\/closecollaboration.utu.fi\/lt\/wp-json\/wp\/v2\/pages"}],"about":[{"href":"https:\/\/closecollaboration.utu.fi\/lt\/wp-json\/wp\/v2\/types\/page"}],"author":[{"embeddable":true,"href":"https:\/\/closecollaboration.utu.fi\/lt\/wp-json\/wp\/v2\/users\/1"}],"replies":[{"embeddable":true,"href":"https:\/\/closecollaboration.utu.fi\/lt\/wp-json\/wp\/v2\/comments?post=2955"}],"version-history":[{"count":1,"href":"https:\/\/closecollaboration.utu.fi\/lt\/wp-json\/wp\/v2\/pages\/2955\/revisions"}],"predecessor-version":[{"id":4016,"href":"https:\/\/closecollaboration.utu.fi\/lt\/wp-json\/wp\/v2\/pages\/2955\/revisions\/4016"}],"wp:attachment":[{"href":"https:\/\/closecollaboration.utu.fi\/lt\/wp-json\/wp\/v2\/media?parent=2955"}],"curies":[{"name":"wp","href":"https:\/\/api.w.org\/{rel}","templated":true}]}}