{"id":42,"date":"2018-01-20T07:36:07","date_gmt":"2018-01-20T07:36:07","guid":{"rendered":"https:\/\/closecollaboration.utu.fi\/?page_id=42"},"modified":"2021-10-01T18:46:19","modified_gmt":"2021-10-01T16:46:19","slug":"kasutaja-juhtpaneel","status":"publish","type":"page","link":"https:\/\/closecollaboration.utu.fi\/et\/","title":{"rendered":"Kasutaja juhtpaneel"},"content":{"rendered":"\n\n\t<div class=\"learndash-wrapper\"><a class=\"ld-login ld-login ld-login-text ld-login-button ld-button\" href=\"#login\"><span class=\"ld-icon ld-icon-login ld-icon-left\"><\/span>Login<\/a><\/div>\n\t<p>Tere tulemast<\/p>\n<h1>\n\t\t<a href=\"https:\/\/closecollaboration.utu.fi\/en\/account\/\" title=\"Welcome\" target=\"_self\" rel=\"noopener\">\n\t\tWelcome\n\t\t<\/a>\n\t<\/h1>\n\t\n<h2>\n\t\tKoolituse sissejuhatus\n\t<\/h2>\n\t<p>See l\u00fchike videojuhis aitab teil veebiprogrammis edasi liikuda.<\/p>\n\t<iframe loading=\"lazy\" src=\"https:\/\/player.vimeo.com\/video\/422388784?dnt=1&amp;app_id=122963\" width=\"1200\" height=\"650\" frameborder=\"0\" allow=\"autoplay; fullscreen\" allowfullscreen><\/iframe>\n\t<h2>Teoreetiline ja pedagoogiline raamistik<\/h2>\n<p>Kui soovite kursuse taga olevast teooriast ja uurimist\u00f6\u00f6st rohkem teada saada, on meil mitmeid videoloenguid, mida saate vaadata.\u00a0See on lisamaterjal, nii et koolituse j\u00e4tkamiseks pole seda vaja vaadata.<\/p>\n\t\t\t<a href=\"https:\/\/closecollaboration.utu.fi\/et\/courses\/introduction-to-the-training\/\" target=\"_self\" role=\"button\" rel=\"noopener\">\n\t\t\t\t\t\t\tMinge teoreetilisse raamistikku\n\t\t\t\t\t<\/a>\n<h2>\n\t\tKoolitusetapid\n\t<\/h2>\n\t\t<h3>Faas 1: enneaegse beebi k\u00e4itumise j\u00e4lgimine<\/h3>\n\t\t<p>Peate k\u00f5ik faasid \u00f5iges j\u00e4rjekorras l\u00e4bima.<\/p>\n\t\t\t<a href=\"https:\/\/closecollaboration.utu.fi\/et\/courses\/vaihe-1-vauvan-kayttaytymisen-havainnointi\/\" target=\"_self\" role=\"button\" rel=\"noopener\">\n\t\t\t\t\t\t\tMinge 1 faas\n\t\t\t\t\t<\/a>\n\t\t<h3>Faas 2: beebide j\u00e4lgimine koos lapsevanematega<\/h3>\n\t\t<p>Sellesse faasi liikumiseks peate t\u00e4itma k\u00f5ik 1. faasi tegevused.<\/p>\n\t\t\t<a href=\"https:\/\/closecollaboration.utu.fi\/et\/courses\/faas-2-lapse-vaatlus-koos-vanematega\/\" target=\"_self\" role=\"button\" rel=\"noopener\">\n\t\t\t\t\t\t\tMinge 2 faas\n\t\t\t\t\t<\/a>\n\t\t<h3>Faas 3:  lapsevanemate ja perede individuaalsete omaduste m\u00f5istmine<\/h3>\n\t\t<p>Sellesse faasi liikumiseks peate t\u00e4itma k\u00f5ik 2. faasi tegevused.<\/p>\n\t\t\t<a href=\"https:\/\/closecollaboration.utu.fi\/et\/courses\/faas-3-lapsevanemaks-saamise-individuaalse-loo-moistmine\/\" target=\"_self\" role=\"button\" rel=\"noopener\">\n\t\t\t\t\t\t\tMinge 3 faas\n\t\t\t\t\t<\/a>\n\t\t<h3>Faas 4: Perekeskne kojumineku ettevalmistus<\/h3>\n\t\t<p>Sellele faasile liikumiseks peate l\u00f5petama k\u00f5ik 3. faasi tegevused.<\/p>\n\t\t\t<a href=\"https:\/\/closecollaboration.utu.fi\/et\/courses\/faas-4-perekeskne-otsustusprotsess-ja-ettevalmistus-haiglast-lahkumiseks\/\" target=\"_self\" role=\"button\" rel=\"noopener\">\n\t\t\t\t\t\t\tMinge 4 faas\n\t\t\t\t\t<\/a>\n<h2>\n\t\tAllalaaditavad vormid ja kontrollnimekirjad\n\t<\/h2>\n\t\t<h3>Lisaressursid<\/h3>\n\t\t<p>Juurdep\u00e4\u00e4s kontrollnimekirjadele ja vormidele imikute vaatlemiseks ja oma osakonna lapsevanematega r\u00e4\u00e4kimiseks<\/p>\n\t\t\t<a href=\"https:\/\/closecollaboration.utu.fi\/et\/additional-resources\/\" target=\"_self\" role=\"button\" rel=\"noopener\">\n\t\t\t\t\t\t\tAvage jaotis Lisaressursid\n\t\t\t\t\t<\/a>\n<h2>\n\t\tMentorite grupihaldus\n\t<\/h2>\n\t\t<h3><a href=\"https:\/\/closecollaboration.utu.fi\/et\/group-management\/\" target=\"_self\" rel=\"noopener\">\t\n\tPraktikantide haldamine<\/a><\/h3>\t\t\n\t\t\t<p>Lisage ja eemaldage liikmeid oma \u00fcksuse koolitusprogrammi.<\/p>\n\t\t\t<a href=\"https:\/\/closecollaboration.utu.fi\/et\/group-management\/\" target=\"_self\" role=\"button\" rel=\"noopener\">\n\t\t\t\t\t\t\tHallake oma seadet\n\t\t\t\t\t<\/a>\n\t\t<h3><a href=\"https:\/\/closecollaboration.utu.fi\/et\/group-management\/group-management-report\/\" target=\"_self\" rel=\"noopener\">\t\n\tEdusammude aruanded<\/a><\/h3>\t\t\n\t\t\t<p>Koolitusprogrammi edenemist saate j\u00e4lgida siit.<\/p>\n\t\t\t<a href=\"https:\/\/closecollaboration.utu.fi\/et\/group-management\/group-management-report\/\" target=\"_self\" role=\"button\" rel=\"noopener\">\n\t\t\t\t\t\t\tKoolituse edenemise aruanne\n\t\t\t\t\t<\/a>\n\t\t<h3><a href=\"#\" target=\"_self\" rel=\"noopener\">Help and Resources<\/a><\/h3>\t\t\n\t\t\t<p>Consult this guide if you need help managing your group.<\/p>\n\t\t\t<a href=\"#\" target=\"_self\" role=\"button\" rel=\"noopener\">\n\t\t\t\t\t\t\tGet Support\n\t\t\t\t\t<\/a>\n\t\t\t\t\n\t\t\t<p>Please note that this content for Mentors is only available in English for now.<\/p>\n\n","protected":false},"excerpt":{"rendered":"<p>Tere tulemast Welcome Koolituse sissejuhatus See l\u00fchike videojuhis aitab teil veebiprogrammis edasi liikuda. Teoreetiline ja pedagoogiline raamistik Kui soovite kursuse taga olevast teooriast ja uurimist\u00f6\u00f6st rohkem teada saada, on meil mitmeid videoloenguid, mida saate vaadata.\u00a0See on lisamaterjal, nii et koolituse j\u00e4tkamiseks pole seda vaja vaadata. Minge teoreetilisse raamistikku Koolitusetapid Faas 1: enneaegse beebi k\u00e4itumise j\u00e4lgimine &#8230; <a title=\"Kasutaja juhtpaneel\" class=\"read-more\" href=\"https:\/\/closecollaboration.utu.fi\/et\/\" aria-label=\"Read more about Kasutaja juhtpaneel\">Read more<\/a><\/p>\n","protected":false},"author":1,"featured_media":0,"parent":0,"menu_order":0,"comment_status":"closed","ping_status":"closed","template":"","meta":{"footnotes":""},"class_list":["post-42","page","type-page","status-publish"],"_links":{"self":[{"href":"https:\/\/closecollaboration.utu.fi\/et\/wp-json\/wp\/v2\/pages\/42","targetHints":{"allow":["GET"]}}],"collection":[{"href":"https:\/\/closecollaboration.utu.fi\/et\/wp-json\/wp\/v2\/pages"}],"about":[{"href":"https:\/\/closecollaboration.utu.fi\/et\/wp-json\/wp\/v2\/types\/page"}],"author":[{"embeddable":true,"href":"https:\/\/closecollaboration.utu.fi\/et\/wp-json\/wp\/v2\/users\/1"}],"replies":[{"embeddable":true,"href":"https:\/\/closecollaboration.utu.fi\/et\/wp-json\/wp\/v2\/comments?post=42"}],"version-history":[{"count":6,"href":"https:\/\/closecollaboration.utu.fi\/et\/wp-json\/wp\/v2\/pages\/42\/revisions"}],"predecessor-version":[{"id":4662,"href":"https:\/\/closecollaboration.utu.fi\/et\/wp-json\/wp\/v2\/pages\/42\/revisions\/4662"}],"wp:attachment":[{"href":"https:\/\/closecollaboration.utu.fi\/et\/wp-json\/wp\/v2\/media?parent=42"}],"curies":[{"name":"wp","href":"https:\/\/api.w.org\/{rel}","templated":true}]}}