{"id":2598,"date":"2020-06-02T14:42:01","date_gmt":"2020-06-02T12:42:01","guid":{"rendered":"https:\/\/closecollaboration.utu.fi\/?page_id=2598"},"modified":"2020-06-02T14:42:01","modified_gmt":"2020-06-02T12:42:01","slug":"tuki","status":"publish","type":"page","link":"https:\/\/closecollaboration.utu.fi\/et\/tuki\/","title":{"rendered":"Tuki"},"content":{"rendered":"<p>Jos tarvitset teknist\u00e4 tukea, ota yhteytt\u00e4 janto@vlogical.com<\/p>\n<p>T\u00e4lle sivulle voit my\u00f6s j\u00e4tt\u00e4\u00e4 yhteydenottopyynn\u00f6n tai yleisi\u00e4 kommentteja liittyen s\u00e4hk\u00f6iseen oppimisalustaan ja sen toimivuuteen. <\/p>\n","protected":false},"excerpt":{"rendered":"<p>Jos tarvitset teknist\u00e4 tukea, ota yhteytt\u00e4 janto@vlogical.com T\u00e4lle sivulle voit my\u00f6s j\u00e4tt\u00e4\u00e4 yhteydenottopyynn\u00f6n tai yleisi\u00e4 kommentteja liittyen s\u00e4hk\u00f6iseen oppimisalustaan ja sen toimivuuteen.<\/p>\n","protected":false},"author":1,"featured_media":0,"parent":0,"menu_order":0,"comment_status":"open","ping_status":"closed","template":"","meta":{"footnotes":""},"class_list":["post-2598","page","type-page","status-publish"],"_links":{"self":[{"href":"https:\/\/closecollaboration.utu.fi\/et\/wp-json\/wp\/v2\/pages\/2598","targetHints":{"allow":["GET"]}}],"collection":[{"href":"https:\/\/closecollaboration.utu.fi\/et\/wp-json\/wp\/v2\/pages"}],"about":[{"href":"https:\/\/closecollaboration.utu.fi\/et\/wp-json\/wp\/v2\/types\/page"}],"author":[{"embeddable":true,"href":"https:\/\/closecollaboration.utu.fi\/et\/wp-json\/wp\/v2\/users\/1"}],"replies":[{"embeddable":true,"href":"https:\/\/closecollaboration.utu.fi\/et\/wp-json\/wp\/v2\/comments?post=2598"}],"version-history":[{"count":0,"href":"https:\/\/closecollaboration.utu.fi\/et\/wp-json\/wp\/v2\/pages\/2598\/revisions"}],"wp:attachment":[{"href":"https:\/\/closecollaboration.utu.fi\/et\/wp-json\/wp\/v2\/media?parent=2598"}],"curies":[{"name":"wp","href":"https:\/\/api.w.org\/{rel}","templated":true}]}}