{"id":2577,"date":"2020-06-02T14:25:40","date_gmt":"2020-06-02T12:25:40","guid":{"rendered":"https:\/\/closecollaboration.utu.fi\/?page_id=2577"},"modified":"2022-01-03T12:09:06","modified_gmt":"2022-01-03T10:09:06","slug":"lisamateriaalit","status":"publish","type":"page","link":"https:\/\/closecollaboration.utu.fi\/et\/lisamateriaalit\/","title":{"rendered":"Lis\u00e4materiaalit"},"content":{"rendered":"\n\n\t<h2 id=\"tw-target-text\" dir=\"ltr\" data-placeholder=\"Translation\">Vormid<\/h2>\n<h3>FAAS 1<\/h3>\n<ul>\n<li><a href=\"https:\/\/closecollaboration.utu.fi\/et\/wp-content\/uploads\/sites\/3\/2022\/01\/FAAS-I-vaatlus-uhel-lehel.pdf\">Vaatlus \u00fchel lehel<\/a><\/li>\n<li><a href=\"https:\/\/closecollaboration.utu.fi\/et\/wp-content\/uploads\/sites\/3\/2022\/01\/FAAS-I-neurobehavior-tolge-tootajatele-tooleht.docx\">Neurobehavior t\u00f5lge t\u00f6\u00f6tajatele (t\u00f6\u00f6leht)<\/a><\/li>\n<\/ul>\n<h3>FAAS 2<\/h3>\n<ul>\n<li><a href=\"https:\/\/closecollaboration.utu.fi\/et\/wp-content\/uploads\/sites\/3\/2022\/01\/FAAS-II-See-olen-mina.docx\">See olen mina<\/a><\/li>\n<li><a href=\"https:\/\/closecollaboration.utu.fi\/et\/wp-content\/uploads\/sites\/3\/2022\/01\/FAAS-II-See-olen-mina-vene-keeles_Russian.pdf\">See olen mina vene keeles<\/a><\/li>\n<\/ul>\n<h3>FAAS 3<\/h3>\n<ul>\n<li><a href=\"https:\/\/closecollaboration.utu.fi\/et\/wp-content\/uploads\/sites\/3\/2022\/01\/FAAS-III-Clip_Estonian.docx\">CLIP (eesti)<\/a><\/li>\n<li><a href=\"https:\/\/closecollaboration.utu.fi\/et\/wp-content\/uploads\/sites\/3\/2022\/01\/FAAS-III-CLIP-venek_Russian.docx\">CLIP (vene)<\/a><\/li>\n<\/ul>\n<h3>FAAS 4<\/h3>\n<ul>\n<li><a href=\"https:\/\/closecollaboration.utu.fi\/et\/wp-content\/uploads\/sites\/3\/2022\/01\/FAAS-IV-SAMMUD-KOJU-MINEKUKS.docx\">Sammud Koju Minekuks<\/a><\/li>\n<li><a href=\"https:\/\/closecollaboration.utu.fi\/et\/wp-content\/uploads\/sites\/3\/2022\/01\/IV-FAAS-ARSTIVISIIT_1.docx\">Arstivisiit 1<\/a><\/li>\n<li><a href=\"https:\/\/closecollaboration.utu.fi\/et\/wp-content\/uploads\/sites\/3\/2022\/01\/IV-FAAS-_-ARSTIVISIIT_2.docx\">Arstivisiit 2<\/a><\/li>\n<\/ul>\n\n","protected":false},"excerpt":{"rendered":"<p>Vormid FAAS 1 Vaatlus \u00fchel lehel Neurobehavior t\u00f5lge t\u00f6\u00f6tajatele (t\u00f6\u00f6leht) FAAS 2 See olen mina See olen mina vene keeles FAAS 3 CLIP (eesti) CLIP (vene) FAAS 4 Sammud Koju Minekuks Arstivisiit 1 Arstivisiit 2<\/p>\n","protected":false},"author":1,"featured_media":0,"parent":0,"menu_order":0,"comment_status":"closed","ping_status":"closed","template":"","meta":{"footnotes":""},"class_list":["post-2577","page","type-page","status-publish"],"_links":{"self":[{"href":"https:\/\/closecollaboration.utu.fi\/et\/wp-json\/wp\/v2\/pages\/2577","targetHints":{"allow":["GET"]}}],"collection":[{"href":"https:\/\/closecollaboration.utu.fi\/et\/wp-json\/wp\/v2\/pages"}],"about":[{"href":"https:\/\/closecollaboration.utu.fi\/et\/wp-json\/wp\/v2\/types\/page"}],"author":[{"embeddable":true,"href":"https:\/\/closecollaboration.utu.fi\/et\/wp-json\/wp\/v2\/users\/1"}],"replies":[{"embeddable":true,"href":"https:\/\/closecollaboration.utu.fi\/et\/wp-json\/wp\/v2\/comments?post=2577"}],"version-history":[{"count":1,"href":"https:\/\/closecollaboration.utu.fi\/et\/wp-json\/wp\/v2\/pages\/2577\/revisions"}],"predecessor-version":[{"id":4884,"href":"https:\/\/closecollaboration.utu.fi\/et\/wp-json\/wp\/v2\/pages\/2577\/revisions\/4884"}],"wp:attachment":[{"href":"https:\/\/closecollaboration.utu.fi\/et\/wp-json\/wp\/v2\/media?parent=2577"}],"curies":[{"name":"wp","href":"https:\/\/api.w.org\/{rel}","templated":true}]}}